{"id":1354,"date":"2016-09-24T10:55:30","date_gmt":"2016-09-24T09:55:30","guid":{"rendered":"https:\/\/www.zveza-zsis.si\/en\/z2sis\/?page_id=1354"},"modified":"2018-12-06T09:59:09","modified_gmt":"2018-12-06T08:59:09","slug":"about-ames","status":"publish","type":"page","link":"https:\/\/www.zveza-zsis.si\/en\/about-ames\/","title":{"rendered":"About AMES"},"content":{"rendered":"<div class=\"fusion-fullwidth fullwidth-box fusion-builder-row-1 nonhundred-percent-fullwidth non-hundred-percent-height-scrolling fusion-equal-height-columns\" style=\"--awb-background-position:left top;--awb-border-radius-top-left:0px;--awb-border-radius-top-right:0px;--awb-border-radius-bottom-right:0px;--awb-border-radius-bottom-left:0px;--awb-padding-top:50px;--awb-padding-right:15%;--awb-padding-bottom:20px;--awb-padding-left:15%;--awb-border-sizes-top:0px;--awb-border-sizes-bottom:0px;--awb-flex-wrap:wrap;\" ><div class=\"fusion-builder-row fusion-row\"><div class=\"fusion-layout-column fusion_builder_column fusion-builder-column-0 fusion_builder_column_1_1 1_1 fusion-one-full fusion-column-first fusion-column-last fusion-column-no-min-height\" style=\"--awb-bg-size:cover;\"><div class=\"fusion-column-wrapper fusion-flex-column-wrapper-legacy\"><div class=\"fusion-tabs fusion-tabs-1 clean nav-is-justified horizontal-tabs icon-position-left mobile-mode-accordion\" style=\"--awb-title-border-radius-top-left:0px;--awb-title-border-radius-top-right:0px;--awb-title-border-radius-bottom-right:0px;--awb-title-border-radius-bottom-left:0px;--awb-inactive-color:#ffffff;--awb-background-color:#f4f4f4;--awb-border-color:#f4f4f4;--awb-active-border-color:#3f7ccd;\"><div class=\"nav\"><ul class=\"nav-tabs nav-justified\" role=\"tablist\"><li class=\"active\" role=\"presentation\"><a class=\"tab-link\" data-toggle=\"tab\" role=\"tab\" aria-controls=\"tab-c968d8d337ff852afb3\" aria-selected=\"true\" id=\"fusion-tab-history\" href=\"#tab-c968d8d337ff852afb3\"><h4 class=\"fusion-tab-heading\"><i class=\"fontawesome-icon fa fa-header\" aria-hidden=\"true\" style=\"font-size:13px;\"><\/i>HISTORY<\/h4><\/a><\/li><li role=\"presentation\"><a class=\"tab-link\" data-toggle=\"tab\" role=\"tab\" aria-controls=\"tab-fd2372be759abab09a1\" aria-selected=\"false\" tabindex=\"-1\" id=\"fusion-tab-objective\" href=\"#tab-fd2372be759abab09a1\"><h4 class=\"fusion-tab-heading\"><i class=\"fontawesome-icon fa fa-file-o\" aria-hidden=\"true\" style=\"font-size:13px;\"><\/i>OBJECTIVE<\/h4><\/a><\/li><li role=\"presentation\"><a class=\"tab-link\" data-toggle=\"tab\" role=\"tab\" aria-controls=\"tab-f946df14cca6f3830f5\" aria-selected=\"false\" tabindex=\"-1\" id=\"fusion-tab-associationsandsections\" href=\"#tab-f946df14cca6f3830f5\"><h4 class=\"fusion-tab-heading\"><i class=\"fontawesome-icon fa fa-user\" aria-hidden=\"true\" style=\"font-size:13px;\"><\/i>ASSOCIATIONS AND SECTIONS<\/h4><\/a><\/li><\/ul><\/div><div class=\"tab-content\"><div class=\"nav fusion-mobile-tab-nav\"><ul class=\"nav-tabs nav-justified\" role=\"tablist\"><li class=\"active\" role=\"presentation\"><a class=\"tab-link\" data-toggle=\"tab\" role=\"tab\" aria-controls=\"tab-c968d8d337ff852afb3\" aria-selected=\"true\" id=\"mobile-fusion-tab-history\" href=\"#tab-c968d8d337ff852afb3\"><h4 class=\"fusion-tab-heading\"><i class=\"fontawesome-icon fa fa-header\" aria-hidden=\"true\" style=\"font-size:13px;\"><\/i>HISTORY<\/h4><\/a><\/li><\/ul><\/div><div class=\"tab-pane fade fusion-clearfix in active\" role=\"tabpanel\" tabindex=\"0\" aria-labelledby=\"fusion-tab-history\" id=\"tab-c968d8d337ff852afb3\">\n<table border=\"0\" width=\"100%\">\n<tbody>\n<tr>\n<td width=\"15%\"><img decoding=\"async\" class=\"size-thumbnail wp-image-2751\" src=\"\/\/zveza-zsis.si\/en\/wp-content\/uploads\/2017\/06\/Albert_Struna_profil-124x150.png\" alt=\"Albert Struna - profile\" width=\"124\" height=\"150\" \/><\/td>\n<td width=\"72%\">The precursor of the Association of Mechanical Engineers of Slovenia was the Association of Mechanical Engineers and Technicians of Slovenia (AMETS). It was established in 1961 at the initiative of Prof. Albert Struna. It was then that its organisation structure was formed \u2013 a means of connection of local and professional associations under an umbrella Association. In 2002, the Association of Mechanical Engineers and Technicians was renamed into the Association of Mechanical Engineers of Slovenia (AMES), whereas the status of all members of the Association remained the same. Today, AMES unites 15 members under its wing. The Association of Mechanical Engineers of Slovenia collaborates with educational, development and research organisations, with other associations and various other organisations and institutes.<\/td>\n<\/tr>\n<\/tbody>\n<\/table>\n<\/div><div class=\"nav fusion-mobile-tab-nav\"><ul class=\"nav-tabs nav-justified\" role=\"tablist\"><li role=\"presentation\"><a class=\"tab-link\" data-toggle=\"tab\" role=\"tab\" aria-controls=\"tab-fd2372be759abab09a1\" aria-selected=\"false\" tabindex=\"-1\" id=\"mobile-fusion-tab-objective\" href=\"#tab-fd2372be759abab09a1\"><h4 class=\"fusion-tab-heading\"><i class=\"fontawesome-icon fa fa-file-o\" aria-hidden=\"true\" style=\"font-size:13px;\"><\/i>OBJECTIVE<\/h4><\/a><\/li><\/ul><\/div><div class=\"tab-pane fade fusion-clearfix\" role=\"tabpanel\" tabindex=\"0\" aria-labelledby=\"fusion-tab-objective\" id=\"tab-fd2372be759abab09a1\">\n<table border=\"0\" width=\"100%\">\n<tbody>\n<tr>\n<td width=\"15%\"><img decoding=\"async\" class=\"size-thumbnail wp-image-2752\" src=\"\/\/zveza-zsis.si\/en\/wp-content\/uploads\/2017\/06\/Namen-150x150.png\" alt=\"Purpose\" width=\"150\" height=\"150\" srcset=\"https:\/\/www.zveza-zsis.si\/en\/wp-content\/uploads\/2017\/06\/Namen-66x66.png 66w, https:\/\/www.zveza-zsis.si\/en\/wp-content\/uploads\/2017\/06\/Namen-150x150.png 150w, https:\/\/www.zveza-zsis.si\/en\/wp-content\/uploads\/2017\/06\/Namen.png 212w\" sizes=\"(max-width: 150px) 100vw, 150px\" \/><\/td>\n<td width=\"54%\">The Association also collaborates with other associations and organisations outside Slovenia&#8217;s borders in order to advance and enforce mechanical engineering and its professionalism. The Association\u2019s vision is to become and preserve the recognisable role of discipline, practice and science in the area of mechanical engineering and other fields stemming from it. The Association\u2019s mission is to promote, develop, educate and exchange experiences between societies and their members through organising consultations, education conferences, workshops and the continuous informing and following of technical and technological development of activity within the scope of the rich field of mechanical engineering.<\/td>\n<\/tr>\n<\/tbody>\n<\/table>\n<\/div><div class=\"nav fusion-mobile-tab-nav\"><ul class=\"nav-tabs nav-justified\" role=\"tablist\"><li role=\"presentation\"><a class=\"tab-link\" data-toggle=\"tab\" role=\"tab\" aria-controls=\"tab-f946df14cca6f3830f5\" aria-selected=\"false\" tabindex=\"-1\" id=\"mobile-fusion-tab-associationsandsections\" href=\"#tab-f946df14cca6f3830f5\"><h4 class=\"fusion-tab-heading\"><i class=\"fontawesome-icon fa fa-user\" aria-hidden=\"true\" style=\"font-size:13px;\"><\/i>ASSOCIATIONS AND SECTIONS<\/h4><\/a><\/li><\/ul><\/div><div class=\"tab-pane fade fusion-clearfix\" role=\"tabpanel\" tabindex=\"0\" aria-labelledby=\"fusion-tab-associationsandsections\" id=\"tab-f946df14cca6f3830f5\">\n<h2>Associations and sections<\/h2>\n<div class=\"table-2\">\n<table border=\"0\" width=\"100%\">\n<thead>\n<tr>\n<th align=\"center\" width=\"5%\" height=\"2%\"><strong>No.<\/strong><\/th>\n<th align=\"center\" width=\"45%\" height=\"2%\"><strong>Name of association and address<\/strong><\/th>\n<th align=\"center\" width=\"20%\" height=\"2%\"><strong>President<\/strong><\/th>\n<th align=\"center\" width=\"30%\" height=\"2%\"><strong>e-mail<\/strong><\/th>\n<\/tr>\n<\/thead>\n<tbody>\n<tr>\n<td>1.<\/td>\n<td><strong>DRU\u0160TVO STROJNIH IN\u017dENIRJEV INTEHNIKOV LJUBLJANA<\/strong><br \/>\nKarlov\u0161ka cesta 3, Ljubljana<\/td>\n<td>Sa\u0161o Jenko<\/td>\n<td><a href=\"mailto:saso.jenko@gmail.com\">saso.jenko@gmail.com<\/a><\/td>\n<\/tr>\n<tr>\n<td>2.<\/td>\n<td><strong>DRU\u0160TVO STROJNIH IN\u017dENIRJEV MARIBOR<\/strong><br \/>\nZolajeva 12, 2000 MARIBOR<\/td>\n<td>Franci Jakopi\u010d<\/td>\n<td><a href=\"mailto:sdvorsic@gmail.com\">sdvorsic@gmail.com<\/a><\/td>\n<\/tr>\n<tr>\n<td>3.<\/td>\n<td><strong>DRU\u0160TVO STROJNIH IN\u017dENIRJEV IN TEHNIKOV CELJE<\/strong><br \/>\n\u017dlausova 8, 3212 VOJNIK<\/td>\n<td>Anton LOJEN, univ. dipl. in\u017e.<\/td>\n<td>\/<\/td>\n<\/tr>\n<tr>\n<td>4.<\/td>\n<td><strong>DRU\u0160TVO STROJNIH IN\u017dENIRJEV IN TEHNIKOV NOVO MESTO<\/strong><br \/>\n\u0160egova ulica 112, 8000 NOVO MESTO<\/td>\n<td>Mitja NOVAK, univ. dipl. in\u017e.<\/td>\n<td><a href=\"mailto:dsit-nm@dsit-nm.si\">dsit-nm@dsit-nm.si<\/a><\/td>\n<\/tr>\n<tr>\n<td>5.<\/td>\n<td><strong>DRU\u0160TVO STROJNIH IN\u017dENIRJEV IN TEHNIKOV KR\u0160KO<\/strong><br \/>\nTovarni\u0161ka 4, 8270 KR\u0160KO<\/td>\n<td>Matja\u017e CERAR, univ. dipl. in\u017e.<\/td>\n<td><a href=\"mailto:atjaz.cerar1@guest.arnes.si\">atjaz.cerar1@guest.arnes.si<\/a><\/td>\n<\/tr>\n<tr>\n<td>6.<\/td>\n<td><strong>DRU\u0160TVO STROJNIH IN\u017dENIRJEV IN TEHNIKOV LESCE<\/strong><br \/>\nAlpska cesta 43, 4248 Lesce<\/td>\n<td>Dr. Samo ZUPAN, univ. dipl. in\u017e.<\/td>\n<td><a href=\"mailto:samo.zupan@siol.net\">samo.zupan@siol.net<\/a><\/td>\n<\/tr>\n<tr>\n<td>7.<\/td>\n<td><strong>Dru\u0161tvo SDHK Slovensko dru\u0161tvo hladilne in klimatizacijske tehnike<\/strong><br \/>\nKarlov\u0161ka c. 3, 1000 Ljubljana<\/td>\n<td>Dr. Janko REMEC, univ. dipl. in\u017e.<\/td>\n<td><a href=\"mailto:janko.remec@guest.arnes.si\">janko.remec@guest.arnes.si<\/a><\/td>\n<\/tr>\n<tr>\n<td>8.<\/td>\n<td><strong>SDFT Slovensko dru\u0161tvo za fluidno tehniko<\/strong><br \/>\nSmetanova 17, 2000 MARIBOR<\/td>\n<td>Kristan LES, univ. dipl. in\u017e.<\/td>\n<td><a href=\"mailto:sdft@runi-mb.si\">sdft@runi-mb.si<\/a><br \/>\n<a href=\"mailto:k.les@hae.si\">k.les@hae.si<\/a><\/td>\n<\/tr>\n<tr>\n<td>9.<\/td>\n<td><strong>Dru\u0161tvo SITHOK Slovensko dru\u0161tvo in\u017eenirjev za tehnologije hlajenja, ogrevanja in klimatizacij<\/strong>e<br \/>\nFakulteta za strojni\u0161tvo<br \/>\nA\u0161ker\u010deva 6, 1000 LJUBLJANA<\/td>\n<td>Dr. Vincenc BUTALA, univ. dipl. in\u017e<\/td>\n<td><a href=\"mailto:vincenc.butala@fs.uni-lj.si\">vincenc.butala@fs.uni-lj.si<\/a><\/td>\n<\/tr>\n<tr>\n<td>10.<\/td>\n<td><strong>SDDE Slovensko dru\u0161tvo za daljinsko energetiko<\/strong><br \/>\nKarlov\u0161ka cesta 3, 1000 Ljubljana<\/td>\n<td>Dr. Alojz POREDO\u0160, univ. dipl. in\u017e.<\/td>\n<td><a href=\"mailto:info@sdde.si\">info@sdde.si<\/a><\/td>\n<\/tr>\n<tr>\n<td>11.<\/td>\n<td><strong>DRU\u0160TVO ZSIRPN<\/strong><br \/>\nFakulteta za strojni\u0161tvo<br \/>\nA\u0161ker\u010deva 6, 1000 Ljubljana<\/td>\n<td>Dr. Ivan PREBIL, univ. dipl. in\u017e.<\/td>\n<td><a href=\"mailto:ivan.prebil@fs.uni-lj.si\">ivan.prebil@fs.uni-lj.si<\/a><\/td>\n<\/tr>\n<tr>\n<td>12.<\/td>\n<td><strong>SDA Slovensko dru\u0161tvo za akustiko<\/strong><br \/>\nFakulteta za strojni\u0161tvo<br \/>\nA\u0161ker\u010deva 6, 1000 LJUBLJANA<\/td>\n<td>Dr. Mirko \u010cUDINA, univ. dipl. in\u017e.<\/td>\n<td><a href=\"mailto:mirko.cudina@fs.uni-lj.si\">mirko.cudina@fs.uni-lj.si<\/a><\/td>\n<\/tr>\n<tr>\n<td>13.<\/td>\n<td><strong>DRU\u0160TVO STROJNIH IN\u017dENIRJEV IN TEHNIKOV NOVA GORICA<\/strong><br \/>\nBatuje 32, 5262 \u010cRNI\u010cE<\/td>\n<td>BRANKO U\u0160AJ, univ. dipl. in\u017e.<\/td>\n<td><a href=\"mailto:branko.usaj@siol.net\">branko.usaj@siol.net<\/a><\/td>\n<\/tr>\n<tr>\n<td>14.<\/td>\n<td><strong>SVM Skupina za vozila in motorje<\/strong><br \/>\nFakulteta za strojni\u0161tvo<br \/>\nA\u0161ker\u010deva 6, 1000 Ljubljana<\/td>\n<td>Dr. Toma\u017e Jurejev\u010di\u010d<\/td>\n<td><a href=\"mailto:jernej.klemenc@fs.uni-lj.si\">jernej.klemenc@fs.uni-lj.si<\/a><\/td>\n<\/tr>\n<\/tbody>\n<\/table>\n<\/div>\n<p><strong>ASSOCIATION OF MECHANICAL ENGINEERS OF SLOVENIA<\/strong><br \/>\nKARLOV\u0160KA CESTA 3, 1000 LJUBLJANA<\/p>\n<p><strong>PRESIDENT\u00a0<\/strong><br \/>\nProf. dr. IZTOK GOLOBI\u010c<\/p>\n<p><strong>VICEPRESIDENT<\/strong><br \/>\nMag. JANJA PETKOV\u0160EK<\/p>\n<p><strong>VICEPRESIDENT<\/strong><br \/>\nDr. FRANC CIMERMAN<\/p>\n<p><strong>VICEPRESIDENT<\/strong><br \/>\nDr. ALE\u0160 MIHELI\u010c<\/p>\n<\/div><\/div><\/div><div class=\"fusion-clearfix\"><\/div><\/div><\/div><\/div><\/div>\n","protected":false},"excerpt":{"rendered":"","protected":false},"author":1,"featured_media":0,"parent":0,"menu_order":0,"comment_status":"closed","ping_status":"open","template":"","meta":{"footnotes":""},"class_list":["post-1354","page","type-page","status-publish","hentry"],"_links":{"self":[{"href":"https:\/\/www.zveza-zsis.si\/en\/wp-json\/wp\/v2\/pages\/1354","targetHints":{"allow":["GET"]}}],"collection":[{"href":"https:\/\/www.zveza-zsis.si\/en\/wp-json\/wp\/v2\/pages"}],"about":[{"href":"https:\/\/www.zveza-zsis.si\/en\/wp-json\/wp\/v2\/types\/page"}],"author":[{"embeddable":true,"href":"https:\/\/www.zveza-zsis.si\/en\/wp-json\/wp\/v2\/users\/1"}],"replies":[{"embeddable":true,"href":"https:\/\/www.zveza-zsis.si\/en\/wp-json\/wp\/v2\/comments?post=1354"}],"version-history":[{"count":31,"href":"https:\/\/www.zveza-zsis.si\/en\/wp-json\/wp\/v2\/pages\/1354\/revisions"}],"predecessor-version":[{"id":2877,"href":"https:\/\/www.zveza-zsis.si\/en\/wp-json\/wp\/v2\/pages\/1354\/revisions\/2877"}],"wp:attachment":[{"href":"https:\/\/www.zveza-zsis.si\/en\/wp-json\/wp\/v2\/media?parent=1354"}],"curies":[{"name":"wp","href":"https:\/\/api.w.org\/{rel}","templated":true}]}}